{"id":1003,"date":"2024-05-17T19:04:41","date_gmt":"2024-05-17T19:04:41","guid":{"rendered":"https:\/\/ciudadanosevaluandoac.org\/?page_id=1003"},"modified":"2024-05-17T19:16:12","modified_gmt":"2024-05-17T19:16:12","slug":"logros","status":"publish","type":"page","link":"https:\/\/ciudadanosevaluandoac.org\/?page_id=1003","title":{"rendered":"Logros"},"content":{"rendered":"\t\t<div data-elementor-type=\"wp-post\" data-elementor-id=\"1003\" class=\"elementor elementor-1003\">\n\t\t\t\t\t\t<section class=\"elementor-section elementor-top-section elementor-element elementor-element-16658ea elementor-section-boxed elementor-section-height-default elementor-section-height-default\" data-id=\"16658ea\" data-element_type=\"section\" data-settings=\"{&quot;background_background&quot;:&quot;classic&quot;,&quot;shape_divider_top&quot;:&quot;opacity-tilt&quot;}\">\n\t\t\t\t\t<div class=\"elementor-shape elementor-shape-top\" data-negative=\"false\">\n\t\t\t<svg xmlns=\"http:\/\/www.w3.org\/2000\/svg\" viewBox=\"0 0 2600 131.1\" preserveAspectRatio=\"none\">\n\t<path class=\"elementor-shape-fill\" d=\"M0 0L2600 0 2600 69.1 0 0z\"\/>\n\t<path class=\"elementor-shape-fill\" style=\"opacity:0.5\" d=\"M0 0L2600 0 2600 69.1 0 69.1z\"\/>\n\t<path class=\"elementor-shape-fill\" style=\"opacity:0.25\" d=\"M2600 0L0 0 0 130.1 2600 69.1z\"\/>\n<\/svg>\t\t<\/div>\n\t\t\t\t\t<div class=\"elementor-container elementor-column-gap-default\">\n\t\t\t\t\t<div class=\"elementor-column elementor-col-100 elementor-top-column elementor-element elementor-element-eb9bb0e\" data-id=\"eb9bb0e\" data-element_type=\"column\" data-settings=\"{&quot;background_background&quot;:&quot;classic&quot;}\">\n\t\t\t<div class=\"elementor-widget-wrap elementor-element-populated\">\n\t\t\t\t\t\t<div class=\"elementor-element elementor-element-b1992d2 elementor-position-top elementor-widget elementor-widget-image-box\" data-id=\"b1992d2\" data-element_type=\"widget\" data-widget_type=\"image-box.default\">\n\t\t\t\t<div class=\"elementor-widget-container\">\n\t\t\t<div class=\"elementor-image-box-wrapper\"><figure class=\"elementor-image-box-img\"><img fetchpriority=\"high\" decoding=\"async\" width=\"652\" height=\"652\" src=\"https:\/\/ciudadanosevaluandoac.org\/wp-content\/uploads\/2024\/05\/Logros.png\" class=\"attachment-full size-full wp-image-939\" alt=\"\" srcset=\"https:\/\/ciudadanosevaluandoac.org\/wp-content\/uploads\/2024\/05\/Logros.png 652w, https:\/\/ciudadanosevaluandoac.org\/wp-content\/uploads\/2024\/05\/Logros-300x300.png 300w, https:\/\/ciudadanosevaluandoac.org\/wp-content\/uploads\/2024\/05\/Logros-150x150.png 150w\" sizes=\"(max-width: 652px) 100vw, 652px\" \/><\/figure><div class=\"elementor-image-box-content\"><h3 class=\"elementor-image-box-title\">Logros<\/h3><\/div><\/div>\t\t<\/div>\n\t\t\t\t<\/div>\n\t\t\t\t<div class=\"elementor-element elementor-element-5bd277b elementor-widget elementor-widget-image-box\" data-id=\"5bd277b\" data-element_type=\"widget\" data-widget_type=\"image-box.default\">\n\t\t\t\t<div class=\"elementor-widget-container\">\n\t\t\t<div class=\"elementor-image-box-wrapper\"><div class=\"elementor-image-box-content\"><p class=\"elementor-image-box-description\">\u2022\tEstudios y diagn\u00f3sticos especializados en materia de seguridad y justicia como lo es Ciudadanos Evaluando y PERCIBE que ayudan a comprender mejor el status actual de la incidencia delictiva y la percepci\u00f3n de seguridad de la ciudadan\u00eda respectivamente.<br><br>\n\u2022\tVinculaci\u00f3n de autoridades estatales y municipales de Sinaloa con autoridades estatales y municipales del estado de Nuevo Le\u00f3n con el objetivo de conocer las buenas practicas en materia de justicia c\u00edvica.<br><br>\n\u2022\tDignificaci\u00f3n policial con apoyos en especie a los polic\u00edas estatales en el d\u00eda del polic\u00eda.\n<\/p><\/div><\/div>\t\t<\/div>\n\t\t\t\t<\/div>\n\t\t\t\t\t<\/div>\n\t\t<\/div>\n\t\t\t\t\t<\/div>\n\t\t<\/section>\n\t\t\t\t<\/div>\n\t\t","protected":false},"excerpt":{"rendered":"<p>Logros \u2022 Estudios y diagn\u00f3sticos especializados en materia de seguridad y justicia como lo es Ciudadanos Evaluando y PERCIBE que ayudan a comprender mejor el status actual de la incidencia delictiva y la percepci\u00f3n de seguridad de la ciudadan\u00eda respectivamente. \u2022 Vinculaci\u00f3n de autoridades estatales y municipales de Sinaloa con autoridades estatales y municipales del [&hellip;]<\/p>\n","protected":false},"author":1,"featured_media":0,"parent":0,"menu_order":0,"comment_status":"closed","ping_status":"closed","template":"page-templates\/pagebuilder.php","meta":{"zakra_sidebar_layout":"stretched","zakra_remove_content_margin":false,"zakra_sidebar":"customizer","zakra_transparent_header":"customizer","zakra_logo":0,"zakra_main_header_style":"default","zakra_menu_item_color":"","zakra_menu_item_hover_color":"","zakra_menu_item_active_color":"","zakra_menu_active_style":"zakra_menu_active_style","zakra_page_header":true,"footnotes":""},"class_list":["post-1003","page","type-page","status-publish","hentry"],"jetpack_sharing_enabled":true,"_links":{"self":[{"href":"https:\/\/ciudadanosevaluandoac.org\/index.php?rest_route=\/wp\/v2\/pages\/1003","targetHints":{"allow":["GET"]}}],"collection":[{"href":"https:\/\/ciudadanosevaluandoac.org\/index.php?rest_route=\/wp\/v2\/pages"}],"about":[{"href":"https:\/\/ciudadanosevaluandoac.org\/index.php?rest_route=\/wp\/v2\/types\/page"}],"author":[{"embeddable":true,"href":"https:\/\/ciudadanosevaluandoac.org\/index.php?rest_route=\/wp\/v2\/users\/1"}],"replies":[{"embeddable":true,"href":"https:\/\/ciudadanosevaluandoac.org\/index.php?rest_route=%2Fwp%2Fv2%2Fcomments&post=1003"}],"version-history":[{"count":13,"href":"https:\/\/ciudadanosevaluandoac.org\/index.php?rest_route=\/wp\/v2\/pages\/1003\/revisions"}],"predecessor-version":[{"id":1021,"href":"https:\/\/ciudadanosevaluandoac.org\/index.php?rest_route=\/wp\/v2\/pages\/1003\/revisions\/1021"}],"wp:attachment":[{"href":"https:\/\/ciudadanosevaluandoac.org\/index.php?rest_route=%2Fwp%2Fv2%2Fmedia&parent=1003"}],"curies":[{"name":"wp","href":"https:\/\/api.w.org\/{rel}","templated":true}]}}