{"id":761,"date":"2024-05-15T18:08:14","date_gmt":"2024-05-15T18:08:14","guid":{"rendered":"https:\/\/ciudadanosevaluandoac.org\/?page_id=761"},"modified":"2026-03-18T21:11:19","modified_gmt":"2026-03-18T21:11:19","slug":"investigacion","status":"publish","type":"page","link":"https:\/\/ciudadanosevaluandoac.org\/?page_id=761","title":{"rendered":"Diagn\u00f3sticos Mensuales"},"content":{"rendered":"\t\t<div data-elementor-type=\"wp-post\" data-elementor-id=\"761\" class=\"elementor elementor-761\">\n\t\t\t\t\t\t<section class=\"elementor-section elementor-top-section elementor-element elementor-element-f9d1908 elementor-section-height-min-height elementor-section-boxed elementor-section-height-default elementor-section-items-middle\" data-id=\"f9d1908\" data-element_type=\"section\" data-settings=\"{&quot;shape_divider_top&quot;:&quot;opacity-tilt&quot;}\">\n\t\t\t\t\t\t\t<div class=\"elementor-background-overlay\"><\/div>\n\t\t\t\t\t\t<div class=\"elementor-shape elementor-shape-top\" data-negative=\"false\">\n\t\t\t<svg xmlns=\"http:\/\/www.w3.org\/2000\/svg\" viewBox=\"0 0 2600 131.1\" preserveAspectRatio=\"none\">\n\t<path class=\"elementor-shape-fill\" d=\"M0 0L2600 0 2600 69.1 0 0z\"\/>\n\t<path class=\"elementor-shape-fill\" style=\"opacity:0.5\" d=\"M0 0L2600 0 2600 69.1 0 69.1z\"\/>\n\t<path class=\"elementor-shape-fill\" style=\"opacity:0.25\" d=\"M2600 0L0 0 0 130.1 2600 69.1z\"\/>\n<\/svg>\t\t<\/div>\n\t\t\t\t\t<div class=\"elementor-container elementor-column-gap-default\">\n\t\t\t\t\t<div class=\"elementor-column elementor-col-100 elementor-top-column elementor-element elementor-element-35acc41\" data-id=\"35acc41\" data-element_type=\"column\">\n\t\t\t<div class=\"elementor-widget-wrap elementor-element-populated\">\n\t\t\t\t<div class=\"elementor-element elementor-element-77560be e-flex e-con-boxed e-con e-parent\" data-id=\"77560be\" data-element_type=\"container\">\n\t\t\t\t\t<div class=\"e-con-inner\">\n\t\t\t\t<div class=\"elementor-element elementor-element-86a23e2 elementor-widget elementor-widget-heading\" data-id=\"86a23e2\" data-element_type=\"widget\" data-widget_type=\"heading.default\">\n\t\t\t\t<div class=\"elementor-widget-container\">\n\t\t\t<h2 class=\"elementor-heading-title elementor-size-default\">Diagn\u00f3sticos Mensuales<\/h2>\t\t<\/div>\n\t\t\t\t<\/div>\n\t\t\t\t\t<\/div>\n\t\t\t\t<\/div>\n\t\t\t\t<div class=\"elementor-element elementor-element-f29332f elementor-widget-divider--view-line elementor-widget elementor-widget-divider\" data-id=\"f29332f\" data-element_type=\"widget\" data-widget_type=\"divider.default\">\n\t\t\t\t<div class=\"elementor-widget-container\">\n\t\t\t\t\t<div class=\"elementor-divider\">\n\t\t\t<span class=\"elementor-divider-separator\">\n\t\t\t\t\t\t<\/span>\n\t\t<\/div>\n\t\t\t\t<\/div>\n\t\t\t\t<\/div>\n\t\t\t\t<div class=\"elementor-element elementor-element-e56f7ac elementor-widget elementor-widget-text-editor\" data-id=\"e56f7ac\" data-element_type=\"widget\" data-widget_type=\"text-editor.default\">\n\t\t\t\t<div class=\"elementor-widget-container\">\n\t\t\t\t\t\t\t<p><strong>En Ciudadanos Evaluando Sinaloa A.C. estamos conscientes de la relevancia de la memoria hist\u00f3rica. Por ello, mes a mes elaboramos un diagn\u00f3stico de temas relacionados con la seguridad p\u00fablica y la procuraci\u00f3n e impartici\u00f3n de justicia, adem\u00e1s de las cifras de incidencia delictiva.<\/strong><\/p><p>Te compartimos los documentos elaborados hasta el momento:<\/p>\t\t\t\t\t\t<\/div>\n\t\t\t\t<\/div>\n\t\t\t\t\t<\/div>\n\t\t<\/div>\n\t\t\t\t\t<\/div>\n\t\t<\/section>\n\t\t<div class=\"elementor-element elementor-element-397f57e e-grid e-con-boxed e-con e-parent\" data-id=\"397f57e\" data-element_type=\"container\">\n\t\t\t\t\t<div class=\"e-con-inner\">\n\t\t\t\t<div class=\"elementor-element elementor-element-f43ab43 elementor-widget elementor-widget-text-editor\" data-id=\"f43ab43\" data-element_type=\"widget\" data-widget_type=\"text-editor.default\">\n\t\t\t\t<div class=\"elementor-widget-container\">\n\t\t\t\t\t\t\t<h2 style=\"text-align: center;\"><strong>2026<\/strong><\/h2><hr \/><p style=\"text-align: center;\"><strong><a href=\"https:\/\/ciudadanosevaluandoac.org\/wp-content\/uploads\/2026\/02\/CG_CESP_Diagnostico_Enero_2026-CE.pdf\" target=\"_blank\" rel=\"noopener\">ENERO<\/a><\/strong><\/p><p style=\"text-align: center;\"><strong><a href=\"https:\/\/ciudadanosevaluandoac.org\/wp-content\/uploads\/2026\/03\/CG_CESP_Diagnostico_Feb_2026-CE.pdf\">FEBRERO\u00a0<\/a><\/strong><\/p><p style=\"text-align: center;\">\u00a0<\/p>\t\t\t\t\t\t<\/div>\n\t\t\t\t<\/div>\n\t\t\t\t<div class=\"elementor-element elementor-element-7b239b2 elementor-widget elementor-widget-text-editor\" data-id=\"7b239b2\" data-element_type=\"widget\" data-widget_type=\"text-editor.default\">\n\t\t\t\t<div class=\"elementor-widget-container\">\n\t\t\t\t\t\t\t<h1 style=\"text-align: center;\"><img decoding=\"async\" class=\"alignnone wp-image-1304\" src=\"https:\/\/ciudadanosevaluandoac.org\/wp-content\/uploads\/2025\/05\/25.jpeg\" alt=\"\" width=\"89\" height=\"54\" \/><\/h1><hr \/><p style=\"text-align: center;\"><strong><a href=\"https:\/\/ciudadanosevaluandoac.org\/wp-content\/uploads\/2025\/02\/CG_CESP_Diagnostico_Enero_2025-CE.pdf\" target=\"_blank\" rel=\"noopener\">ENERO<\/a><\/strong><\/p><p style=\"text-align: center;\"><strong><a href=\"https:\/\/ciudadanosevaluandoac.org\/wp-content\/uploads\/2025\/04\/CG_CESP_Diagnostico_Feb_2025CE-.pdf\">FEBRERO<\/a><\/strong><\/p><p style=\"text-align: center;\">\u00a0 <strong><a href=\"https:\/\/ciudadanosevaluandoac.org\/wp-content\/uploads\/2025\/04\/CG_CESP_Diagnostico_de_Marzo_2025-CE.pdf\">MARZO<\/a><\/strong><\/p><p style=\"text-align: center;\"><strong><a href=\"https:\/\/ciudadanosevaluandoac.org\/wp-content\/uploads\/2025\/05\/CG_CESP_Diagnostico_de_abril_2025CE.pdf\">\u00a0ABRIL <\/a><\/strong><\/p><p style=\"text-align: center;\"><a href=\"https:\/\/ciudadanosevaluandoac.org\/wp-content\/uploads\/2025\/09\/CG_CESP_Diagnostico_de_mayo_2025-CE.pdf\"><strong>MAYO\u00a0<\/strong><\/a><\/p><p style=\"text-align: center;\"><a href=\"https:\/\/ciudadanosevaluandoac.org\/wp-content\/uploads\/2025\/09\/DIAGNOSTICO-SEMESTRAL-CE-.pdf\"><strong>JUNIO (SEMESTRAL)<\/strong><\/a><\/p><p style=\"text-align: center;\"><a href=\"https:\/\/ciudadanosevaluandoac.org\/wp-content\/uploads\/2025\/09\/CG_CESP_Diagnostico_julio_2025-CE.pdf\"><strong>JULIO<\/strong><\/a><\/p><p style=\"text-align: center;\"><a href=\"https:\/\/ciudadanosevaluandoac.org\/wp-content\/uploads\/2025\/09\/CG_CESP_Diagnostico_agosto_2025-CE.pdf\"><strong>AGOSTO<\/strong><\/a><\/p><p style=\"text-align: center;\"><a href=\"https:\/\/ciudadanosevaluandoac.org\/wp-content\/uploads\/2025\/12\/CG_CESP_Diagnostico_septiembre_2025-CE1.pdf\"><strong>SEPTIEMBRE\u00a0<\/strong><\/a><\/p><p style=\"text-align: center;\"><a href=\"https:\/\/ciudadanosevaluandoac.org\/wp-content\/uploads\/2025\/12\/CG_CESP_Diagnostico_octubre_2025-CE.pdf\"><strong>OCTUBRE\u00a0<\/strong><\/a><\/p><p style=\"text-align: center;\"><strong><a href=\"https:\/\/ciudadanosevaluandoac.org\/wp-content\/uploads\/2025\/12\/CG_CESP_Diagnostico_noviembre_2025CE-4.pdf\">NOVIEMBRE <\/a><\/strong><\/p><p style=\"text-align: center;\"><strong><a href=\"https:\/\/ciudadanosevaluandoac.org\/wp-content\/uploads\/2026\/02\/CG_CESP_Diagnostico_diciembre_2025-CE.pdf\">DICIEMBRE\u00a0<\/a><\/strong><\/p>\t\t\t\t\t\t<\/div>\n\t\t\t\t<\/div>\n\t\t\t\t<div class=\"elementor-element elementor-element-3274be8 elementor-widget elementor-widget-text-editor\" data-id=\"3274be8\" data-element_type=\"widget\" data-widget_type=\"text-editor.default\">\n\t\t\t\t<div class=\"elementor-widget-container\">\n\t\t\t\t\t\t\t<p style=\"text-align: center;\"><img decoding=\"async\" class=\"alignnone  wp-image-1305\" src=\"https:\/\/ciudadanosevaluandoac.org\/wp-content\/uploads\/2025\/05\/24.jpeg\" alt=\"\" width=\"88\" height=\"53\" \/><\/p><p style=\"text-align: center;\"><strong><a href=\"https:\/\/ciudadanosevaluandoac.org\/wp-content\/uploads\/2024\/05\/CG_CESP_Diagnostico_Enero_2024-ciudadanos-evaluando-.pdf\" target=\"_blank\" rel=\"noopener\">ENERO<\/a><\/strong><\/p><p style=\"text-align: center;\"><strong><a href=\"https:\/\/ciudadanosevaluandoac.org\/wp-content\/uploads\/2024\/05\/CG_CESP_Diagnostico_febrero_2024-ciudadanos-evaluando-.pdf\" target=\"_blank\" rel=\"noopener\">FEBRERO<\/a><\/strong><\/p><p style=\"text-align: center;\"><strong><a href=\"https:\/\/ciudadanosevaluandoac.org\/wp-content\/uploads\/2024\/05\/Diagnostico-marzo-2024-CE.pdf\" target=\"_blank\" rel=\"noopener\">MARZO<\/a><\/strong><\/p><p style=\"text-align: center;\"><a href=\"https:\/\/ciudadanosevaluandoac.org\/wp-content\/uploads\/2024\/05\/CG_CESP_Diagnostico_abril_2024-ciudadanos-evaluando-.pdf\" target=\"_blank\" rel=\"noopener\"><strong>ABRIL<\/strong><\/a><\/p><p style=\"text-align: center;\"><strong><a href=\"https:\/\/ciudadanosevaluandoac.org\/wp-content\/uploads\/2025\/01\/CG_CESP_Diagnostico_mayo_2024CE.pdf\">MAYO\u00a0<\/a><\/strong><\/p><p style=\"text-align: center;\"><a href=\"https:\/\/ciudadanosevaluandoac.org\/wp-content\/uploads\/2025\/01\/CG_CESP_Diagnostico_Semestral_enero_junio_2024-CE.pdf\"><strong>JUNIO (SEMESTRAL)<\/strong><\/a><\/p><p style=\"text-align: center;\"><a href=\"https:\/\/ciudadanosevaluandoac.org\/wp-content\/uploads\/2025\/01\/CG_CESP_Diagnostico_julio_2024CE.pdf\"><strong>JULIO\u00a0<\/strong><\/a><\/p><p style=\"text-align: center;\"><a href=\"https:\/\/ciudadanosevaluandoac.org\/wp-content\/uploads\/2025\/01\/CG_CESP_Diagnostico_agosto_2024CE.pdf\"><strong>AGOSTO\u00a0<\/strong><\/a><\/p><p style=\"text-align: center;\"><a href=\"https:\/\/ciudadanosevaluandoac.org\/wp-content\/uploads\/2025\/01\/CG_CESP_Diagnostico_septiembre_2024CE.pdf\"><strong>SEPTIEMBRE\u00a0<\/strong><\/a><\/p><p style=\"text-align: center;\"><a href=\"https:\/\/ciudadanosevaluandoac.org\/wp-content\/uploads\/2025\/01\/CG_CESP_Diagnostico_octubre_2024CE.pdf\"><strong>OCTUBRE\u00a0<\/strong><\/a><\/p><p style=\"text-align: center;\"><a href=\"https:\/\/ciudadanosevaluandoac.org\/wp-content\/uploads\/2025\/01\/CG_CESP_Diagnostico_noviembre_2024-CE.pdf\"><strong>NOVIEMBRE\u00a0<\/strong><\/a><\/p><p style=\"text-align: center;\"><a href=\"https:\/\/ciudadanosevaluandoac.org\/wp-content\/uploads\/2025\/01\/CG_CESP_Diagnostico_diciembre_2024CE.pdf\"><strong>DICIEMBRE<\/strong><\/a><\/p>\t\t\t\t\t\t<\/div>\n\t\t\t\t<\/div>\n\t\t\t\t<div class=\"elementor-element elementor-element-7908460 elementor-widget elementor-widget-text-editor\" data-id=\"7908460\" data-element_type=\"widget\" data-widget_type=\"text-editor.default\">\n\t\t\t\t<div class=\"elementor-widget-container\">\n\t\t\t\t\t\t\t<p style=\"text-align: center;\"><img decoding=\"async\" class=\"alignnone wp-image-1306 \" src=\"https:\/\/ciudadanosevaluandoac.org\/wp-content\/uploads\/2025\/05\/23.jpeg\" alt=\"\" width=\"88\" height=\"56\" \/><\/p><p style=\"text-align: center;\"><strong><a href=\"https:\/\/ciudadanosevaluandoac.org\/wp-content\/uploads\/2024\/05\/CG_CESP_Diagnostico_septiembre_2023-ciudadanos-evaluando-.pdf\" target=\"_blank\" rel=\"noopener\" data-wplink-edit=\"true\">SEPTIEMBRE<\/a><\/strong><\/p><p style=\"text-align: center;\"><strong><a href=\"https:\/\/ciudadanosevaluandoac.org\/wp-content\/uploads\/2024\/05\/CG_CESP_Diagnostico_octubre_2023-ciudadanos-evaluando-.pdf\" target=\"_blank\" rel=\"noopener\" data-wplink-edit=\"true\">OCTUBRE<\/a><\/strong><\/p><p style=\"text-align: center;\"><strong><a href=\"https:\/\/ciudadanosevaluandoac.org\/wp-content\/uploads\/2024\/05\/CG_CESP_Diagnostico_noviembre_2023-ciudadanos-evaluando-.pdf\" target=\"_blank\" rel=\"noopener\" data-wplink-edit=\"true\">NOVIEMBRE<\/a><\/strong><\/p><p style=\"text-align: center;\"><strong><a href=\"https:\/\/ciudadanosevaluandoac.org\/wp-content\/uploads\/2024\/05\/CG_CESP_Diagnostico_diciembre_2023-ciudadanos-evaluando-.pdf\" target=\"_blank\" rel=\"noopener\" data-wplink-edit=\"true\">DICIEMBRE<\/a><\/strong><\/p>\t\t\t\t\t\t<\/div>\n\t\t\t\t<\/div>\n\t\t\t\t\t<\/div>\n\t\t\t\t<\/div>\n\t\t\t\t<\/div>\n\t\t","protected":false},"excerpt":{"rendered":"<p>Diagn\u00f3sticos Mensuales En Ciudadanos Evaluando Sinaloa A.C. estamos conscientes de la relevancia de la memoria hist\u00f3rica. Por ello, mes a mes elaboramos un diagn\u00f3stico de temas relacionados con la seguridad p\u00fablica y la procuraci\u00f3n e impartici\u00f3n de justicia, adem\u00e1s de las cifras de incidencia delictiva. Te compartimos los documentos elaborados hasta el momento: 2026 ENERO [&hellip;]<\/p>\n","protected":false},"author":1,"featured_media":0,"parent":0,"menu_order":0,"comment_status":"closed","ping_status":"closed","template":"page-templates\/pagebuilder.php","meta":{"zakra_sidebar_layout":"stretched","zakra_remove_content_margin":false,"zakra_sidebar":"customizer","zakra_transparent_header":"customizer","zakra_logo":0,"zakra_main_header_style":"default","zakra_menu_item_color":"","zakra_menu_item_hover_color":"","zakra_menu_item_active_color":"","zakra_menu_active_style":"zakra_menu_active_style","zakra_page_header":true,"footnotes":""},"class_list":["post-761","page","type-page","status-publish","hentry"],"jetpack_sharing_enabled":true,"_links":{"self":[{"href":"https:\/\/ciudadanosevaluandoac.org\/index.php?rest_route=\/wp\/v2\/pages\/761","targetHints":{"allow":["GET"]}}],"collection":[{"href":"https:\/\/ciudadanosevaluandoac.org\/index.php?rest_route=\/wp\/v2\/pages"}],"about":[{"href":"https:\/\/ciudadanosevaluandoac.org\/index.php?rest_route=\/wp\/v2\/types\/page"}],"author":[{"embeddable":true,"href":"https:\/\/ciudadanosevaluandoac.org\/index.php?rest_route=\/wp\/v2\/users\/1"}],"replies":[{"embeddable":true,"href":"https:\/\/ciudadanosevaluandoac.org\/index.php?rest_route=%2Fwp%2Fv2%2Fcomments&post=761"}],"version-history":[{"count":143,"href":"https:\/\/ciudadanosevaluandoac.org\/index.php?rest_route=\/wp\/v2\/pages\/761\/revisions"}],"predecessor-version":[{"id":1387,"href":"https:\/\/ciudadanosevaluandoac.org\/index.php?rest_route=\/wp\/v2\/pages\/761\/revisions\/1387"}],"wp:attachment":[{"href":"https:\/\/ciudadanosevaluandoac.org\/index.php?rest_route=%2Fwp%2Fv2%2Fmedia&parent=761"}],"curies":[{"name":"wp","href":"https:\/\/api.w.org\/{rel}","templated":true}]}}