{"id":858,"date":"2024-05-15T19:54:53","date_gmt":"2024-05-15T19:54:53","guid":{"rendered":"https:\/\/ciudadanosevaluandoac.org\/?page_id=858"},"modified":"2024-05-17T19:18:03","modified_gmt":"2024-05-17T19:18:03","slug":"mision-y-vision","status":"publish","type":"page","link":"https:\/\/ciudadanosevaluandoac.org\/?page_id=858","title":{"rendered":"Misi\u00f3n y Visi\u00f3n"},"content":{"rendered":"\t\t<div data-elementor-type=\"wp-post\" data-elementor-id=\"858\" class=\"elementor elementor-858\">\n\t\t\t\t\t\t<section class=\"elementor-section elementor-top-section elementor-element elementor-element-16658ea elementor-section-boxed elementor-section-height-default elementor-section-height-default\" data-id=\"16658ea\" data-element_type=\"section\" data-settings=\"{&quot;background_background&quot;:&quot;classic&quot;,&quot;shape_divider_top&quot;:&quot;opacity-tilt&quot;}\">\n\t\t\t\t\t<div class=\"elementor-shape elementor-shape-top\" data-negative=\"false\">\n\t\t\t<svg xmlns=\"http:\/\/www.w3.org\/2000\/svg\" viewBox=\"0 0 2600 131.1\" preserveAspectRatio=\"none\">\n\t<path class=\"elementor-shape-fill\" d=\"M0 0L2600 0 2600 69.1 0 0z\"\/>\n\t<path class=\"elementor-shape-fill\" style=\"opacity:0.5\" d=\"M0 0L2600 0 2600 69.1 0 69.1z\"\/>\n\t<path class=\"elementor-shape-fill\" style=\"opacity:0.25\" d=\"M2600 0L0 0 0 130.1 2600 69.1z\"\/>\n<\/svg>\t\t<\/div>\n\t\t\t\t\t<div class=\"elementor-container elementor-column-gap-default\">\n\t\t\t\t\t<div class=\"elementor-column elementor-col-33 elementor-top-column elementor-element elementor-element-e535dab\" data-id=\"e535dab\" data-element_type=\"column\" data-settings=\"{&quot;background_background&quot;:&quot;classic&quot;}\">\n\t\t\t<div class=\"elementor-widget-wrap elementor-element-populated\">\n\t\t\t\t\t\t<div class=\"elementor-element elementor-element-5775474 elementor-position-top elementor-widget elementor-widget-image-box\" data-id=\"5775474\" data-element_type=\"widget\" data-widget_type=\"image-box.default\">\n\t\t\t\t<div class=\"elementor-widget-container\">\n\t\t\t<div class=\"elementor-image-box-wrapper\"><figure class=\"elementor-image-box-img\"><img fetchpriority=\"high\" decoding=\"async\" width=\"652\" height=\"652\" src=\"https:\/\/ciudadanosevaluandoac.org\/wp-content\/uploads\/2024\/05\/Mision.png\" class=\"attachment-full size-full wp-image-937\" alt=\"\" srcset=\"https:\/\/ciudadanosevaluandoac.org\/wp-content\/uploads\/2024\/05\/Mision.png 652w, https:\/\/ciudadanosevaluandoac.org\/wp-content\/uploads\/2024\/05\/Mision-300x300.png 300w, https:\/\/ciudadanosevaluandoac.org\/wp-content\/uploads\/2024\/05\/Mision-150x150.png 150w\" sizes=\"(max-width: 652px) 100vw, 652px\" \/><\/figure><div class=\"elementor-image-box-content\"><h3 class=\"elementor-image-box-title\">Misi\u00f3n <\/h3><p class=\"elementor-image-box-description\">Asociaci\u00f3n civil dedicada a evaluar, proponer y dar seguimiento a las pol\u00edticas de seguridad p\u00fablica en Sinaloa, de manera objetiva y transparente para un entendimiento amplio en la materia, fortaleciendo con nuestras propuestas la consolidaci\u00f3n y fortalecimiento de las instituciones de seguridad, procuraci\u00f3n e impartici\u00f3n de justicia.<\/p><\/div><\/div>\t\t<\/div>\n\t\t\t\t<\/div>\n\t\t\t\t\t<\/div>\n\t\t<\/div>\n\t\t\t\t<div class=\"elementor-column elementor-col-33 elementor-top-column elementor-element elementor-element-f2a4a35\" data-id=\"f2a4a35\" data-element_type=\"column\" data-settings=\"{&quot;background_background&quot;:&quot;classic&quot;}\">\n\t\t\t<div class=\"elementor-widget-wrap elementor-element-populated\">\n\t\t\t\t\t\t<div class=\"elementor-element elementor-element-d8cf9f8 elementor-position-top elementor-widget elementor-widget-image-box\" data-id=\"d8cf9f8\" data-element_type=\"widget\" data-widget_type=\"image-box.default\">\n\t\t\t\t<div class=\"elementor-widget-container\">\n\t\t\t<div class=\"elementor-image-box-wrapper\"><figure class=\"elementor-image-box-img\"><img decoding=\"async\" width=\"652\" height=\"652\" src=\"https:\/\/ciudadanosevaluandoac.org\/wp-content\/uploads\/2024\/05\/Vision.png\" class=\"attachment-full size-full wp-image-940\" alt=\"\" srcset=\"https:\/\/ciudadanosevaluandoac.org\/wp-content\/uploads\/2024\/05\/Vision.png 652w, https:\/\/ciudadanosevaluandoac.org\/wp-content\/uploads\/2024\/05\/Vision-300x300.png 300w, https:\/\/ciudadanosevaluandoac.org\/wp-content\/uploads\/2024\/05\/Vision-150x150.png 150w\" sizes=\"(max-width: 652px) 100vw, 652px\" \/><\/figure><div class=\"elementor-image-box-content\"><h3 class=\"elementor-image-box-title\">Visi\u00f3n<\/h3><p class=\"elementor-image-box-description\">Ser un observatorio ciudadano y un centro de ideas que eval\u00fae la problem\u00e1tica social de la violencia y la inseguridad con criterios objetivos, cuantitativos y cualitativos que nos muestren la multidimensionalidad del problema. Planteando desde los an\u00e1lisis y resultados observados, ideas de soluci\u00f3n incidentes y transversales para la disminuci\u00f3n sustantiva de los \u00edndices delictivos y la construcci\u00f3n de un estado de Paz.<\/p><\/div><\/div>\t\t<\/div>\n\t\t\t\t<\/div>\n\t\t\t\t\t<\/div>\n\t\t<\/div>\n\t\t\t\t<div class=\"elementor-column elementor-col-33 elementor-top-column elementor-element elementor-element-fa77b53\" data-id=\"fa77b53\" data-element_type=\"column\" data-settings=\"{&quot;background_background&quot;:&quot;classic&quot;}\">\n\t\t\t<div class=\"elementor-widget-wrap elementor-element-populated\">\n\t\t\t\t\t\t<div class=\"elementor-element elementor-element-2477188 elementor-position-top elementor-widget elementor-widget-image-box\" data-id=\"2477188\" data-element_type=\"widget\" data-widget_type=\"image-box.default\">\n\t\t\t\t<div class=\"elementor-widget-container\">\n\t\t\t<div class=\"elementor-image-box-wrapper\"><figure class=\"elementor-image-box-img\"><img decoding=\"async\" width=\"652\" height=\"652\" src=\"https:\/\/ciudadanosevaluandoac.org\/wp-content\/uploads\/2024\/05\/Valores.png\" class=\"attachment-full size-full wp-image-938\" alt=\"\" srcset=\"https:\/\/ciudadanosevaluandoac.org\/wp-content\/uploads\/2024\/05\/Valores.png 652w, https:\/\/ciudadanosevaluandoac.org\/wp-content\/uploads\/2024\/05\/Valores-300x300.png 300w, https:\/\/ciudadanosevaluandoac.org\/wp-content\/uploads\/2024\/05\/Valores-150x150.png 150w\" sizes=\"(max-width: 652px) 100vw, 652px\" \/><\/figure><div class=\"elementor-image-box-content\"><h3 class=\"elementor-image-box-title\">Valores <\/h3><p class=\"elementor-image-box-description\">- \u2060Respeto a los derechos humanos\n<\/br>\n<\/br>\n- \u2060Transparencia\n<\/br>\n<\/br>\n- \u2060Verdad, Justicia y Equidad\n<\/br>\n<\/br>\n- \u2060Participaci\u00f3n Ciudadana\n<\/br>\n<\/br>\n- \u2060Objetividad\n<\/br>\n<\/br>\n- \u2060Responsabilidad\n<\/br>\n<\/br>\n- \u2060Empat\u00eda<\/p><\/div><\/div>\t\t<\/div>\n\t\t\t\t<\/div>\n\t\t\t\t\t<\/div>\n\t\t<\/div>\n\t\t\t\t\t<\/div>\n\t\t<\/section>\n\t\t\t\t<\/div>\n\t\t","protected":false},"excerpt":{"rendered":"<p>Misi\u00f3n Asociaci\u00f3n civil dedicada a evaluar, proponer y dar seguimiento a las pol\u00edticas de seguridad p\u00fablica en Sinaloa, de manera objetiva y transparente para un entendimiento amplio en la materia, fortaleciendo con nuestras propuestas la consolidaci\u00f3n y fortalecimiento de las instituciones de seguridad, procuraci\u00f3n e impartici\u00f3n de justicia. Visi\u00f3n Ser un observatorio ciudadano y un [&hellip;]<\/p>\n","protected":false},"author":1,"featured_media":0,"parent":0,"menu_order":0,"comment_status":"closed","ping_status":"closed","template":"page-templates\/pagebuilder.php","meta":{"zakra_sidebar_layout":"stretched","zakra_remove_content_margin":false,"zakra_sidebar":"customizer","zakra_transparent_header":"customizer","zakra_logo":0,"zakra_main_header_style":"default","zakra_menu_item_color":"","zakra_menu_item_hover_color":"","zakra_menu_item_active_color":"","zakra_menu_active_style":"zakra_menu_active_style","zakra_page_header":true,"footnotes":""},"class_list":["post-858","page","type-page","status-publish","hentry"],"jetpack_sharing_enabled":true,"_links":{"self":[{"href":"https:\/\/ciudadanosevaluandoac.org\/index.php?rest_route=\/wp\/v2\/pages\/858","targetHints":{"allow":["GET"]}}],"collection":[{"href":"https:\/\/ciudadanosevaluandoac.org\/index.php?rest_route=\/wp\/v2\/pages"}],"about":[{"href":"https:\/\/ciudadanosevaluandoac.org\/index.php?rest_route=\/wp\/v2\/types\/page"}],"author":[{"embeddable":true,"href":"https:\/\/ciudadanosevaluandoac.org\/index.php?rest_route=\/wp\/v2\/users\/1"}],"replies":[{"embeddable":true,"href":"https:\/\/ciudadanosevaluandoac.org\/index.php?rest_route=%2Fwp%2Fv2%2Fcomments&post=858"}],"version-history":[{"count":22,"href":"https:\/\/ciudadanosevaluandoac.org\/index.php?rest_route=\/wp\/v2\/pages\/858\/revisions"}],"predecessor-version":[{"id":1030,"href":"https:\/\/ciudadanosevaluandoac.org\/index.php?rest_route=\/wp\/v2\/pages\/858\/revisions\/1030"}],"wp:attachment":[{"href":"https:\/\/ciudadanosevaluandoac.org\/index.php?rest_route=%2Fwp%2Fv2%2Fmedia&parent=858"}],"curies":[{"name":"wp","href":"https:\/\/api.w.org\/{rel}","templated":true}]}}