{"id":877,"date":"2024-05-15T21:25:01","date_gmt":"2024-05-15T21:25:01","guid":{"rendered":"https:\/\/ciudadanosevaluandoac.org\/?page_id=877"},"modified":"2024-05-17T19:33:47","modified_gmt":"2024-05-17T19:33:47","slug":"donativos","status":"publish","type":"page","link":"https:\/\/ciudadanosevaluandoac.org\/?page_id=877","title":{"rendered":"Donativos"},"content":{"rendered":"\t\t<div data-elementor-type=\"wp-post\" data-elementor-id=\"877\" class=\"elementor elementor-877\">\n\t\t\t\t\t\t<section class=\"elementor-section elementor-top-section elementor-element elementor-element-f9d1908 elementor-section-height-min-height elementor-section-boxed elementor-section-height-default elementor-section-items-middle\" data-id=\"f9d1908\" data-element_type=\"section\" data-settings=\"{&quot;shape_divider_top&quot;:&quot;opacity-tilt&quot;}\">\n\t\t\t\t\t\t\t<div class=\"elementor-background-overlay\"><\/div>\n\t\t\t\t\t\t<div class=\"elementor-shape elementor-shape-top\" data-negative=\"false\">\n\t\t\t<svg xmlns=\"http:\/\/www.w3.org\/2000\/svg\" viewBox=\"0 0 2600 131.1\" preserveAspectRatio=\"none\">\n\t<path class=\"elementor-shape-fill\" d=\"M0 0L2600 0 2600 69.1 0 0z\"\/>\n\t<path class=\"elementor-shape-fill\" style=\"opacity:0.5\" d=\"M0 0L2600 0 2600 69.1 0 69.1z\"\/>\n\t<path class=\"elementor-shape-fill\" style=\"opacity:0.25\" d=\"M2600 0L0 0 0 130.1 2600 69.1z\"\/>\n<\/svg>\t\t<\/div>\n\t\t\t\t\t<div class=\"elementor-container elementor-column-gap-default\">\n\t\t\t\t\t<div class=\"elementor-column elementor-col-100 elementor-top-column elementor-element elementor-element-35acc41\" data-id=\"35acc41\" data-element_type=\"column\">\n\t\t\t<div class=\"elementor-widget-wrap elementor-element-populated\">\n\t\t\t\t<div class=\"elementor-element elementor-element-77560be e-flex e-con-boxed e-con e-parent\" data-id=\"77560be\" data-element_type=\"container\">\n\t\t\t\t\t<div class=\"e-con-inner\">\n\t\t\t\t<div class=\"elementor-element elementor-element-86a23e2 elementor-widget elementor-widget-heading\" data-id=\"86a23e2\" data-element_type=\"widget\" data-widget_type=\"heading.default\">\n\t\t\t\t<div class=\"elementor-widget-container\">\n\t\t\t<h2 class=\"elementor-heading-title elementor-size-default\">Donativos<\/h2>\t\t<\/div>\n\t\t\t\t<\/div>\n\t\t\t\t\t<\/div>\n\t\t\t\t<\/div>\n\t\t\t\t<div class=\"elementor-element elementor-element-f29332f elementor-widget-divider--view-line elementor-widget elementor-widget-divider\" data-id=\"f29332f\" data-element_type=\"widget\" data-widget_type=\"divider.default\">\n\t\t\t\t<div class=\"elementor-widget-container\">\n\t\t\t\t\t<div class=\"elementor-divider\">\n\t\t\t<span class=\"elementor-divider-separator\">\n\t\t\t\t\t\t<\/span>\n\t\t<\/div>\n\t\t\t\t<\/div>\n\t\t\t\t<\/div>\n\t\t\t\t<div class=\"elementor-element elementor-element-e56f7ac elementor-widget elementor-widget-text-editor\" data-id=\"e56f7ac\" data-element_type=\"widget\" data-widget_type=\"text-editor.default\">\n\t\t\t\t<div class=\"elementor-widget-container\">\n\t\t\t\t\t\t\t<p><b>En Ciudadanos Evaluando Sinaloa A.C. financiamos nuestras investigaciones y diagn\u00f3sticos con donativos del sector privado y ciudadanos comprometidos con los temas de seguridad p\u00fablica.&nbsp;<\/b><\/p>\n<p><b>Te invitamos a sumarte con tu apoyo econ\u00f3mico para seguir generando informaci\u00f3n \u00fatil que influya en las pol\u00edticas p\u00fablicas en materia de seguridad del estado de Sinaloa.&nbsp;<\/b><\/p>\n<p><b>\u00a1Con tu ayuda, podemos hacer m\u00e1s!&nbsp;<\/b><\/p>\n<p><b>Dona en:&nbsp;<\/b><\/p>\n<p><b>BBVA&nbsp;<\/b><\/p>\n<p><b>N\u00famero de cuenta CLABE<\/b><\/p>\n<p><b>012730001201476800<\/b><\/p>\n<p><b>Puedes enviar t\u00fa comprobante a:&nbsp;<\/b><b style=\"font-style: inherit; color: var( --e-global-color-text ); font-family: var( --e-global-typography-text-font-family ), Sans-serif; letter-spacing: 0.01em;\">&nbsp;<\/b><\/p>\n<p><b>ciudadanosevaluandosinaloa@gmail.com<\/b><\/p>\t\t\t\t\t\t<\/div>\n\t\t\t\t<\/div>\n\t\t\t\t\t<\/div>\n\t\t<\/div>\n\t\t\t\t\t<\/div>\n\t\t<\/section>\n\t\t\t\t<\/div>\n\t\t","protected":false},"excerpt":{"rendered":"<p>Donativos En Ciudadanos Evaluando Sinaloa A.C. financiamos nuestras investigaciones y diagn\u00f3sticos con donativos del sector privado y ciudadanos comprometidos con los temas de seguridad p\u00fablica.&nbsp; Te invitamos a sumarte con tu apoyo econ\u00f3mico para seguir generando informaci\u00f3n \u00fatil que influya en las pol\u00edticas p\u00fablicas en materia de seguridad del estado de Sinaloa.&nbsp; \u00a1Con tu ayuda, [&hellip;]<\/p>\n","protected":false},"author":1,"featured_media":0,"parent":0,"menu_order":0,"comment_status":"closed","ping_status":"closed","template":"page-templates\/pagebuilder.php","meta":{"zakra_sidebar_layout":"stretched","zakra_remove_content_margin":false,"zakra_sidebar":"customizer","zakra_transparent_header":"customizer","zakra_logo":0,"zakra_main_header_style":"default","zakra_menu_item_color":"","zakra_menu_item_hover_color":"","zakra_menu_item_active_color":"","zakra_menu_active_style":"zakra_menu_active_style","zakra_page_header":true,"footnotes":""},"class_list":["post-877","page","type-page","status-publish","hentry"],"jetpack_sharing_enabled":true,"_links":{"self":[{"href":"https:\/\/ciudadanosevaluandoac.org\/index.php?rest_route=\/wp\/v2\/pages\/877","targetHints":{"allow":["GET"]}}],"collection":[{"href":"https:\/\/ciudadanosevaluandoac.org\/index.php?rest_route=\/wp\/v2\/pages"}],"about":[{"href":"https:\/\/ciudadanosevaluandoac.org\/index.php?rest_route=\/wp\/v2\/types\/page"}],"author":[{"embeddable":true,"href":"https:\/\/ciudadanosevaluandoac.org\/index.php?rest_route=\/wp\/v2\/users\/1"}],"replies":[{"embeddable":true,"href":"https:\/\/ciudadanosevaluandoac.org\/index.php?rest_route=%2Fwp%2Fv2%2Fcomments&post=877"}],"version-history":[{"count":10,"href":"https:\/\/ciudadanosevaluandoac.org\/index.php?rest_route=\/wp\/v2\/pages\/877\/revisions"}],"predecessor-version":[{"id":1063,"href":"https:\/\/ciudadanosevaluandoac.org\/index.php?rest_route=\/wp\/v2\/pages\/877\/revisions\/1063"}],"wp:attachment":[{"href":"https:\/\/ciudadanosevaluandoac.org\/index.php?rest_route=%2Fwp%2Fv2%2Fmedia&parent=877"}],"curies":[{"name":"wp","href":"https:\/\/api.w.org\/{rel}","templated":true}]}}